{"id":226,"date":"2022-10-16T17:47:58","date_gmt":"2022-10-16T15:47:58","guid":{"rendered":"https:\/\/vetel.fr\/wordpress\/?page_id=226"},"modified":"2026-04-17T12:34:21","modified_gmt":"2026-04-17T10:34:21","slug":"formations","status":"publish","type":"page","link":"https:\/\/vetel.fr\/wordpress\/formations\/","title":{"rendered":"Formations"},"content":{"rendered":"\t\t<div data-elementor-type=\"wp-page\" data-elementor-id=\"226\" class=\"elementor elementor-226\" data-elementor-post-type=\"page\">\n\t\t\t\t\t\t<section class=\"elementor-section elementor-top-section elementor-element elementor-element-f4fd3bd elementor-section-boxed elementor-section-height-default elementor-section-height-default\" data-id=\"f4fd3bd\" data-element_type=\"section\" data-e-type=\"section\">\n\t\t\t\t\t\t<div class=\"elementor-container elementor-column-gap-default\">\n\t\t\t\t\t<div class=\"elementor-column elementor-col-50 elementor-top-column elementor-element elementor-element-f59bcc5\" data-id=\"f59bcc5\" data-element_type=\"column\" data-e-type=\"column\">\n\t\t\t<div class=\"elementor-widget-wrap elementor-element-populated\">\n\t\t\t\t\t\t<div class=\"elementor-element elementor-element-8688e7b elementor-widget elementor-widget-image\" data-id=\"8688e7b\" data-element_type=\"widget\" data-e-type=\"widget\" data-widget_type=\"image.default\">\n\t\t\t\t\t\t\t\t\t\t\t\t\t\t\t<img decoding=\"async\" width=\"363\" height=\"134\" src=\"https:\/\/vetel.fr\/wordpress\/wp-content\/uploads\/2022\/10\/LOGO-Qualiopi.png\" class=\"attachment-large size-large wp-image-1019\" alt=\"\" srcset=\"https:\/\/vetel.fr\/wordpress\/wp-content\/uploads\/2022\/10\/LOGO-Qualiopi.png 363w, https:\/\/vetel.fr\/wordpress\/wp-content\/uploads\/2022\/10\/LOGO-Qualiopi-300x111.png 300w\" sizes=\"(max-width: 363px) 100vw, 363px\" \/>\t\t\t\t\t\t\t\t\t\t\t\t\t\t\t<\/div>\n\t\t\t\t\t<\/div>\n\t\t<\/div>\n\t\t\t\t<div class=\"elementor-column elementor-col-50 elementor-top-column elementor-element elementor-element-2d705f4\" data-id=\"2d705f4\" data-element_type=\"column\" data-e-type=\"column\">\n\t\t\t<div class=\"elementor-widget-wrap elementor-element-populated\">\n\t\t\t\t\t\t<div class=\"elementor-element elementor-element-a75c58d elementor-widget elementor-widget-text-editor\" data-id=\"a75c58d\" data-element_type=\"widget\" data-e-type=\"widget\" data-widget_type=\"text-editor.default\">\n\t\t\t\t\t\t\t\t\t<p>\u00a0<\/p><p><a href=\"https:\/\/travail-emploi.gouv.fr\/formation-professionnelle\/acteurs-cadre-et-qualite-de-la-formation-professionnelle\/article\/qualiopi-marque-de-certification-qualite-des-prestataires-de-formation\">En savoir plus sur la certification Qualiopi<\/a><\/p><p><a href=\"https:\/\/drive.google.com\/file\/d\/1Tada_mFxvthrkmq1DFc4VGHJwkg9gZLI\/view?usp=sharing\">Notre Certificat Qualiopi<\/a><\/p>\t\t\t\t\t\t\t\t<\/div>\n\t\t\t\t\t<\/div>\n\t\t<\/div>\n\t\t\t\t\t<\/div>\n\t\t<\/section>\n\t\t\t\t<section class=\"elementor-section elementor-top-section elementor-element elementor-element-749aa01 elementor-section-boxed elementor-section-height-default elementor-section-height-default\" data-id=\"749aa01\" data-element_type=\"section\" data-e-type=\"section\">\n\t\t\t\t\t\t<div class=\"elementor-container elementor-column-gap-default\">\n\t\t\t\t\t<div class=\"elementor-column elementor-col-100 elementor-top-column elementor-element elementor-element-ed863df\" data-id=\"ed863df\" data-element_type=\"column\" data-e-type=\"column\">\n\t\t\t<div class=\"elementor-widget-wrap elementor-element-populated\">\n\t\t\t\t\t\t<div class=\"elementor-element elementor-element-f343e8d elementor-widget elementor-widget-spacer\" data-id=\"f343e8d\" data-element_type=\"widget\" data-e-type=\"widget\" data-widget_type=\"spacer.default\">\n\t\t\t\t\t\t\t<div class=\"elementor-spacer\">\n\t\t\t<div class=\"elementor-spacer-inner\"><\/div>\n\t\t<\/div>\n\t\t\t\t\t\t<\/div>\n\t\t\t\t<div class=\"elementor-element elementor-element-99e8009 elementor-widget elementor-widget-text-editor\" data-id=\"99e8009\" data-element_type=\"widget\" data-e-type=\"widget\" data-widget_type=\"text-editor.default\">\n\t\t\t\t\t\t\t\t\t<p class=\"p1\"><span class=\"s1\"><strong>VET\u2019EL<\/strong> est organisme de formation continue, dans les domaines zootechnique, sanitaire et v\u00e9t\u00e9rinaire.<\/span><\/p><p class=\"p1\"><span class=\"s1\">Nous organisons ou participons \u00e0 l\u2019organisation d\u2019actions de formation continue destin\u00e9es aux \u00e9leveurs, aux v\u00e9t\u00e9rinaires et aux auxiliaires sp\u00e9cialis\u00e9s v\u00e9t\u00e9rinaires (ASV).<\/span><\/p><p class=\"p1\">Nous avons une r\u00e9f\u00e9rente handicap : Mme Sandrine LARIVIERE, n&rsquo;h\u00e9sitez pas \u00e0 la contacter pour am\u00e9nager votre formation.<\/p><p class=\"p1\">Nous avons une politique d&rsquo;accessibilit\u00e9 pour les Personnes en Situation de Handicap, pour la consulter c&rsquo;est<strong><span style=\"color: #0000ff;\"><a style=\"color: #0000ff;\" href=\"https:\/\/drive.google.com\/file\/d\/1bFlS4as8XuWDtAfhnH6DVtOpA43Ca0IA\/view?usp=sharing\"> ICI<\/a><\/span><\/strong><\/p><p class=\"p1\"><a href=\"https:\/\/drive.google.com\/file\/d\/1bgSEtqRtcU3bJ_DVTmNgEVkISPllR3fQ\/view?usp=sharing\"><strong>Consulter notre Registre Public d&rsquo;Accessibilit\u00e9<\/strong><\/a><\/p><p class=\"p1\">Nous sommes certifi\u00e9 Qualiopi depuis d\u00e9cembre 2021.<\/p>\t\t\t\t\t\t\t\t<\/div>\n\t\t\t\t\t<\/div>\n\t\t<\/div>\n\t\t\t\t\t<\/div>\n\t\t<\/section>\n\t\t\t\t<section class=\"elementor-section elementor-top-section elementor-element elementor-element-45a7ead elementor-section-boxed elementor-section-height-default elementor-section-height-default\" data-id=\"45a7ead\" data-element_type=\"section\" data-e-type=\"section\">\n\t\t\t\t\t\t<div class=\"elementor-container elementor-column-gap-default\">\n\t\t\t\t\t<div class=\"elementor-column elementor-col-100 elementor-top-column elementor-element elementor-element-faeb90c\" data-id=\"faeb90c\" data-element_type=\"column\" data-e-type=\"column\">\n\t\t\t<div class=\"elementor-widget-wrap elementor-element-populated\">\n\t\t\t\t\t\t<div class=\"elementor-element elementor-element-2e376a8 elementor-widget elementor-widget-spacer\" data-id=\"2e376a8\" data-element_type=\"widget\" data-e-type=\"widget\" data-widget_type=\"spacer.default\">\n\t\t\t\t\t\t\t<div class=\"elementor-spacer\">\n\t\t\t<div class=\"elementor-spacer-inner\"><\/div>\n\t\t<\/div>\n\t\t\t\t\t\t<\/div>\n\t\t\t\t\t<\/div>\n\t\t<\/div>\n\t\t\t\t\t<\/div>\n\t\t<\/section>\n\t\t\t\t<section class=\"elementor-section elementor-top-section elementor-element elementor-element-18ffaf4 elementor-section-boxed elementor-section-height-default elementor-section-height-default\" data-id=\"18ffaf4\" data-element_type=\"section\" data-e-type=\"section\">\n\t\t\t\t\t\t<div class=\"elementor-container elementor-column-gap-default\">\n\t\t\t\t\t<div class=\"elementor-column elementor-col-33 elementor-top-column elementor-element elementor-element-f55554a\" data-id=\"f55554a\" data-element_type=\"column\" data-e-type=\"column\">\n\t\t\t<div class=\"elementor-widget-wrap elementor-element-populated\">\n\t\t\t\t\t\t<div class=\"elementor-element elementor-element-7b3c01b elementor-widget elementor-widget-image\" data-id=\"7b3c01b\" data-element_type=\"widget\" data-e-type=\"widget\" data-widget_type=\"image.default\">\n\t\t\t\t\t\t\t\t\t\t\t\t\t\t\t\t<a href=\"https:\/\/vetel.fr\/wordpress\/2022\/10\/16\/eleveurs\/\">\n\t\t\t\t\t\t\t<img fetchpriority=\"high\" decoding=\"async\" width=\"296\" height=\"384\" src=\"https:\/\/vetel.fr\/wordpress\/wp-content\/uploads\/2023\/06\/image-pour-acces-eleveurs-1.png\" class=\"elementor-animation-shrink attachment-large size-large wp-image-1205\" alt=\"\" srcset=\"https:\/\/vetel.fr\/wordpress\/wp-content\/uploads\/2023\/06\/image-pour-acces-eleveurs-1.png 296w, https:\/\/vetel.fr\/wordpress\/wp-content\/uploads\/2023\/06\/image-pour-acces-eleveurs-1-231x300.png 231w\" sizes=\"(max-width: 296px) 100vw, 296px\" \/>\t\t\t\t\t\t\t\t<\/a>\n\t\t\t\t\t\t\t\t\t\t\t\t\t\t\t<\/div>\n\t\t\t\t\t<\/div>\n\t\t<\/div>\n\t\t\t\t<div class=\"elementor-column elementor-col-33 elementor-top-column elementor-element elementor-element-22102cf\" data-id=\"22102cf\" data-element_type=\"column\" data-e-type=\"column\">\n\t\t\t<div class=\"elementor-widget-wrap elementor-element-populated\">\n\t\t\t\t\t\t<div class=\"elementor-element elementor-element-6e98c89 elementor-widget elementor-widget-image\" data-id=\"6e98c89\" data-element_type=\"widget\" data-e-type=\"widget\" data-widget_type=\"image.default\">\n\t\t\t\t\t\t\t\t\t\t\t\t\t\t\t\t<a href=\"https:\/\/vetel.fr\/wordpress\/2022\/10\/16\/veterinaires\/\">\n\t\t\t\t\t\t\t<img decoding=\"async\" width=\"393\" height=\"299\" src=\"https:\/\/vetel.fr\/wordpress\/wp-content\/uploads\/2023\/06\/image-pour-acces-VETO.png\" class=\"elementor-animation-shrink attachment-large size-large wp-image-1209\" alt=\"\" srcset=\"https:\/\/vetel.fr\/wordpress\/wp-content\/uploads\/2023\/06\/image-pour-acces-VETO.png 393w, https:\/\/vetel.fr\/wordpress\/wp-content\/uploads\/2023\/06\/image-pour-acces-VETO-300x228.png 300w\" sizes=\"(max-width: 393px) 100vw, 393px\" \/>\t\t\t\t\t\t\t\t<\/a>\n\t\t\t\t\t\t\t\t\t\t\t\t\t\t\t<\/div>\n\t\t\t\t\t<\/div>\n\t\t<\/div>\n\t\t\t\t<div class=\"elementor-column elementor-col-33 elementor-top-column elementor-element elementor-element-f3d258e\" data-id=\"f3d258e\" data-element_type=\"column\" data-e-type=\"column\">\n\t\t\t<div class=\"elementor-widget-wrap elementor-element-populated\">\n\t\t\t\t\t\t<div class=\"elementor-element elementor-element-92951dc elementor-widget elementor-widget-image\" data-id=\"92951dc\" data-element_type=\"widget\" data-e-type=\"widget\" data-widget_type=\"image.default\">\n\t\t\t\t\t\t\t\t\t\t\t\t\t\t\t\t<a href=\"https:\/\/vetel.fr\/wordpress\/2022\/10\/16\/asv\/\">\n\t\t\t\t\t\t\t<img loading=\"lazy\" decoding=\"async\" width=\"289\" height=\"378\" src=\"https:\/\/vetel.fr\/wordpress\/wp-content\/uploads\/2023\/06\/image-pour-acces-ASV.png\" class=\"elementor-animation-shrink attachment-large size-large wp-image-1214\" alt=\"\" srcset=\"https:\/\/vetel.fr\/wordpress\/wp-content\/uploads\/2023\/06\/image-pour-acces-ASV.png 289w, https:\/\/vetel.fr\/wordpress\/wp-content\/uploads\/2023\/06\/image-pour-acces-ASV-229x300.png 229w\" sizes=\"(max-width: 289px) 100vw, 289px\" \/>\t\t\t\t\t\t\t\t<\/a>\n\t\t\t\t\t\t\t\t\t\t\t\t\t\t\t<\/div>\n\t\t\t\t\t<\/div>\n\t\t<\/div>\n\t\t\t\t\t<\/div>\n\t\t<\/section>\n\t\t\t\t<section class=\"elementor-section elementor-top-section elementor-element elementor-element-033b842 elementor-section-boxed elementor-section-height-default elementor-section-height-default\" data-id=\"033b842\" data-element_type=\"section\" data-e-type=\"section\">\n\t\t\t\t\t\t<div class=\"elementor-container elementor-column-gap-default\">\n\t\t\t\t\t<div class=\"elementor-column elementor-col-100 elementor-top-column elementor-element elementor-element-27f6ac2\" data-id=\"27f6ac2\" data-element_type=\"column\" data-e-type=\"column\">\n\t\t\t<div class=\"elementor-widget-wrap elementor-element-populated\">\n\t\t\t\t\t\t<div class=\"elementor-element elementor-element-05d67e6 elementor-widget elementor-widget-spacer\" data-id=\"05d67e6\" data-element_type=\"widget\" data-e-type=\"widget\" data-widget_type=\"spacer.default\">\n\t\t\t\t\t\t\t<div class=\"elementor-spacer\">\n\t\t\t<div class=\"elementor-spacer-inner\"><\/div>\n\t\t<\/div>\n\t\t\t\t\t\t<\/div>\n\t\t\t\t\t<\/div>\n\t\t<\/div>\n\t\t\t\t\t<\/div>\n\t\t<\/section>\n\t\t\t\t<\/div>\n\t\t","protected":false},"excerpt":{"rendered":"<p>\u00a0 En savoir plus sur la certification Qualiopi Notre Certificat Qualiopi VET\u2019EL est organisme de formation continue, dans les domaines zootechnique, sanitaire et v\u00e9t\u00e9rinaire. Nous organisons ou participons \u00e0 l\u2019organisation d\u2019actions de formation continue destin\u00e9es aux \u00e9leveurs, aux v\u00e9t\u00e9rinaires et aux auxiliaires sp\u00e9cialis\u00e9s v\u00e9t\u00e9rinaires (ASV). Nous avons une r\u00e9f\u00e9rente handicap : Mme Sandrine LARIVIERE, n&rsquo;h\u00e9sitez [&hellip;]<\/p>\n","protected":false},"author":1,"featured_media":0,"parent":0,"menu_order":0,"comment_status":"closed","ping_status":"closed","template":"","meta":{"_angie_page":false,"ocean_post_layout":"","ocean_both_sidebars_style":"","ocean_both_sidebars_content_width":0,"ocean_both_sidebars_sidebars_width":0,"ocean_sidebar":"","ocean_second_sidebar":"","ocean_disable_margins":"enable","ocean_add_body_class":"","ocean_shortcode_before_top_bar":"","ocean_shortcode_after_top_bar":"","ocean_shortcode_before_header":"","ocean_shortcode_after_header":"","ocean_has_shortcode":"","ocean_shortcode_after_title":"","ocean_shortcode_before_footer_widgets":"","ocean_shortcode_after_footer_widgets":"","ocean_shortcode_before_footer_bottom":"","ocean_shortcode_after_footer_bottom":"","ocean_display_top_bar":"default","ocean_display_header":"default","ocean_header_style":"","ocean_center_header_left_menu":"","ocean_custom_header_template":"","ocean_custom_logo":0,"ocean_custom_retina_logo":0,"ocean_custom_logo_max_width":0,"ocean_custom_logo_tablet_max_width":0,"ocean_custom_logo_mobile_max_width":0,"ocean_custom_logo_max_height":0,"ocean_custom_logo_tablet_max_height":0,"ocean_custom_logo_mobile_max_height":0,"ocean_header_custom_menu":"","ocean_menu_typo_font_family":"","ocean_menu_typo_font_subset":"","ocean_menu_typo_font_size":0,"ocean_menu_typo_font_size_tablet":0,"ocean_menu_typo_font_size_mobile":0,"ocean_menu_typo_font_size_unit":"px","ocean_menu_typo_font_weight":"","ocean_menu_typo_font_weight_tablet":"","ocean_menu_typo_font_weight_mobile":"","ocean_menu_typo_transform":"","ocean_menu_typo_transform_tablet":"","ocean_menu_typo_transform_mobile":"","ocean_menu_typo_line_height":0,"ocean_menu_typo_line_height_tablet":0,"ocean_menu_typo_line_height_mobile":0,"ocean_menu_typo_line_height_unit":"","ocean_menu_typo_spacing":0,"ocean_menu_typo_spacing_tablet":0,"ocean_menu_typo_spacing_mobile":0,"ocean_menu_typo_spacing_unit":"","ocean_menu_link_color":"","ocean_menu_link_color_hover":"","ocean_menu_link_color_active":"","ocean_menu_link_background":"","ocean_menu_link_hover_background":"","ocean_menu_link_active_background":"","ocean_menu_social_links_bg":"","ocean_menu_social_hover_links_bg":"","ocean_menu_social_links_color":"","ocean_menu_social_hover_links_color":"","ocean_disable_title":"default","ocean_disable_heading":"default","ocean_post_title":"","ocean_post_subheading":"","ocean_post_title_style":"","ocean_post_title_background_color":"","ocean_post_title_background":0,"ocean_post_title_bg_image_position":"","ocean_post_title_bg_image_attachment":"","ocean_post_title_bg_image_repeat":"","ocean_post_title_bg_image_size":"","ocean_post_title_height":0,"ocean_post_title_bg_overlay":0.5,"ocean_post_title_bg_overlay_color":"","ocean_disable_breadcrumbs":"default","ocean_breadcrumbs_color":"","ocean_breadcrumbs_separator_color":"","ocean_breadcrumbs_links_color":"","ocean_breadcrumbs_links_hover_color":"","ocean_display_footer_widgets":"default","ocean_display_footer_bottom":"default","ocean_custom_footer_template":"","footnotes":""},"class_list":["post-226","page","type-page","status-publish","hentry","entry"],"_links":{"self":[{"href":"https:\/\/vetel.fr\/wordpress\/wp-json\/wp\/v2\/pages\/226","targetHints":{"allow":["GET"]}}],"collection":[{"href":"https:\/\/vetel.fr\/wordpress\/wp-json\/wp\/v2\/pages"}],"about":[{"href":"https:\/\/vetel.fr\/wordpress\/wp-json\/wp\/v2\/types\/page"}],"author":[{"embeddable":true,"href":"https:\/\/vetel.fr\/wordpress\/wp-json\/wp\/v2\/users\/1"}],"replies":[{"embeddable":true,"href":"https:\/\/vetel.fr\/wordpress\/wp-json\/wp\/v2\/comments?post=226"}],"version-history":[{"count":46,"href":"https:\/\/vetel.fr\/wordpress\/wp-json\/wp\/v2\/pages\/226\/revisions"}],"predecessor-version":[{"id":2622,"href":"https:\/\/vetel.fr\/wordpress\/wp-json\/wp\/v2\/pages\/226\/revisions\/2622"}],"wp:attachment":[{"href":"https:\/\/vetel.fr\/wordpress\/wp-json\/wp\/v2\/media?parent=226"}],"curies":[{"name":"wp","href":"https:\/\/api.w.org\/{rel}","templated":true}]}}